{"id":393,"date":"2026-01-12T09:52:40","date_gmt":"2026-01-12T09:52:40","guid":{"rendered":"https:\/\/origembahia.com\/home\/"},"modified":"2026-04-05T15:48:16","modified_gmt":"2026-04-05T15:48:16","slug":"home","status":"publish","type":"page","link":"https:\/\/origembahia.com\/es\/","title":{"rendered":"Home"},"content":{"rendered":"<p>[et_pb_section fb_built=\u00bb1&#8243; custom_padding_last_edited=\u00bbon|phone\u00bb disabled_on=\u00bboff|off|off\u00bb _builder_version=\u00bb4.27.5&#8243; _module_preset=\u00bbdefault\u00bb background_color=\u00bbrgba(58,58,58,0.46)\u00bb use_background_color_gradient=\u00bbon\u00bb background_image=\u00bbhttps:\/\/origembahia.com\/wp-content\/uploads\/2026\/01\/Screenshot_20250816_140046_Tripadvisor-scaled.jpg\u00bb min_height=\u00bb450px\u00bb height=\u00bb675px\u00bb max_height=\u00bb650px\u00bb custom_margin=\u00bb||||false|false\u00bb custom_margin_tablet=\u00bb||||false|false\u00bb custom_margin_phone=\u00bb-23px||-28px||false|false\u00bb custom_margin_last_edited=\u00bbon|phone\u00bb custom_padding_tablet=\u00bb\u00bb custom_padding_phone=\u00bb30px||30px||false|false\u00bb top_divider_repeat_tablet=\u00bb\u00bb top_divider_repeat_phone=\u00bb1x\u00bb top_divider_repeat_last_edited=\u00bbon|phone\u00bb top_divider_flip_tablet=\u00bb\u00bb top_divider_flip_phone=\u00bbnone\u00bb top_divider_flip_last_edited=\u00bbon|phone\u00bb bottom_divider_style_tablet=\u00bb\u00bb bottom_divider_style_phone=\u00bb\u00bb bottom_divider_style_last_edited=\u00bbon|phone\u00bb bottom_divider_repeat_tablet=\u00bb\u00bb bottom_divider_repeat_phone=\u00bb1x\u00bb bottom_divider_repeat_last_edited=\u00bbon|phone\u00bb border_width_all_tablet=\u00bb\u00bb border_width_all_phone=\u00bb0px\u00bb border_width_all_last_edited=\u00bbon|phone\u00bb global_colors_info=\u00bb{}\u00bb][et_pb_row _builder_version=\u00bb4.27.5&#8243; _module_preset=\u00bbdefault\u00bb background_color=\u00bb#FFFFFF\u00bb width=\u00bb70%\u00bb width_tablet=\u00bb70%\u00bb width_phone=\u00bb74%\u00bb width_last_edited=\u00bbon|phone\u00bb max_width=\u00bb589px\u00bb max_width_last_edited=\u00bboff|phone\u00bb min_height=\u00bb183.9px\u00bb height_tablet=\u00bb\u00bb height_phone=\u00bb157px\u00bb height_last_edited=\u00bbon|phone\u00bb custom_margin=\u00bb33px||-118px||false|false\u00bb custom_padding=\u00bb0px||||false|false\u00bb hover_enabled=\u00bb0&#8243; border_radii=\u00bbon|8px|8px|8px|8px\u00bb border_width_all=\u00bb0px\u00bb border_color_all=\u00bb#FFFFFF\u00bb box_shadow_style=\u00bbpreset1&#8243; global_colors_info=\u00bb{}\u00bb box_shadow_spread=\u00bb26px\u00bb sticky_enabled=\u00bb0&#8243;][et_pb_column type=\u00bb4_4&#8243; _builder_version=\u00bb4.27.5&#8243; _module_preset=\u00bbdefault\u00bb global_colors_info=\u00bb{}\u00bb][et_pb_heading title=\u00bbORIGEM BAHIA\u00bb _builder_version=\u00bb4.27.5&#8243; _module_preset=\u00bbdefault\u00bb title_text_align=\u00bbcenter\u00bb title_text_color=\u00bb#0f3d3e\u00bb title_font_size=\u00bb46px\u00bb title_line_height=\u00bb1.1em\u00bb background_color=\u00bbRGBA(255,255,255,0)\u00bb custom_margin=\u00bb32px||||false|false\u00bb custom_padding=\u00bb5px||||false|false\u00bb animation_style=\u00bbslide\u00bb animation_delay=\u00bb100ms\u00bb hover_enabled=\u00bb0&#8243; text_shadow_style=\u00bbpreset2&#8243; text_shadow_color=\u00bbrgba(175,175,175,0)\u00bb global_colors_info=\u00bb{}\u00bb title_font=\u00bbMontserrat||||||||\u00bb title_text_shadow_style=\u00bbnone\u00bb sticky_enabled=\u00bb0&#8243;][\/et_pb_heading][\/et_pb_column][\/et_pb_row][et_pb_row _builder_version=\u00bb4.27.5&#8243; _module_preset=\u00bbdefault\u00bb min_height=\u00bb119px\u00bb global_colors_info=\u00bb{}\u00bb][et_pb_column type=\u00bb4_4&#8243; _builder_version=\u00bb4.27.5&#8243; _module_preset=\u00bbdefault\u00bb global_colors_info=\u00bb{}\u00bb][et_pb_text _builder_version=\u00bb4.27.5&#8243; _module_preset=\u00bbdefault\u00bb text_text_color=\u00bb#0f3d3e\u00bb text_font_size=\u00bb19px\u00bb text_line_height=\u00bb1em\u00bb min_height=\u00bb71.8px\u00bb hover_enabled=\u00bb0&#8243; global_colors_info=\u00bb{}\u00bb text_font=\u00bbMontserrat||||||||\u00bb sticky_enabled=\u00bb0&#8243;]<\/p>\n<p style=\"text-align: center;\"><span style=\"font-weight: 400;\">TU VIAJE COMIENZA AQUI<\/span><\/p>\n<p>[\/et_pb_text][\/et_pb_column][\/et_pb_row][et_pb_row _builder_version=\u00bb4.27.5&#8243; _module_preset=\u00bbdefault\u00bb min_height=\u00bb282.8px\u00bb global_colors_info=\u00bb{}\u00bb][et_pb_column type=\u00bb4_4&#8243; _builder_version=\u00bb4.27.5&#8243; _module_preset=\u00bbdefault\u00bb global_colors_info=\u00bb{}\u00bb][et_pb_button button_url=\u00bbhttps:\/\/origembahia.com\/es\/rooms\/\u00bb button_text=\u00bbRooms\u00bb button_alignment=\u00bbcenter\u00bb admin_label=\u00bbAccommodations\u00bb _builder_version=\u00bb4.27.5&#8243; _module_preset=\u00bbdefault\u00bb button_text_size=\u00bb16px\u00bb button_border_radius=\u00bb5px\u00bb button_font=\u00bbMerriweather||||||||\u00bb custom_margin=\u00bb239px||||false|false\u00bb custom_margin_tablet=\u00bb239px||||false|false\u00bb custom_margin_phone=\u00bb175px||0px||false|false\u00bb custom_margin_last_edited=\u00bbon|desktop\u00bb custom_padding=\u00bb5px||||false|false\u00bb global_colors_info=\u00bb{}\u00bb][\/et_pb_button][et_pb_text content_tablet=\u00bb<\/p>\n<p data-start=%220%22 data-end=%22252%22 style=%22text-align: left;%22>Ven con nosotros a vivir un ambiente \u00fanico en Salvador de Bah\u00eda. Aqu\u00ed te sientes en casa desde el primer minuto: buena energ\u00eda, gente incre\u00edble y una vibra que te abraza. Vas a relajarte, disfrutar de verdad y guardar recuerdos que te van a dar ganas de repetir.  <\/p>\n<p data-start=%22254%22 data-end=%22320%22 data-is-last-node=%22%22 data-is-only-node=%22%22>Ven a descubrir por qu\u00e9 todo el mundo se enamora de este lugar. \u00a1Yuhu! <\/p>\n<p>\u00bb content_phone=\u00bb<\/p>\n<p data-start=%220%22 data-end=%22252%22 style=%22text-align: center;%22>Ven con nosotros a vivir un ambiente \u00fanico en Salvador de Bah\u00eda. Aqu\u00ed te sientes en casa desde el primer minuto: buena energ\u00eda, gente incre\u00edble y una vibra que te abraza. Vas a relajarte, disfrutar de verdad y guardar recuerdos que te van a dar ganas de repetir.  <\/p>\n<p data-start=%22254%22 data-end=%22320%22 data-is-last-node=%22%22 data-is-only-node=%22%22 style=%22text-align: center;%22>Ven a descubrir por qu\u00e9 todo el mundo se enamora de este lugar. \u00a1Yuhu! <\/p>\n<p>\u00bb content_last_edited=\u00bbon|phone\u00bb _builder_version=\u00bb4.27.5&#8243; _module_preset=\u00bbdefault\u00bb text_text_color=\u00bb#FFFFFF\u00bb text_font_size=\u00bb12px\u00bb background_color=\u00bbRGBA(255,255,255,0)\u00bb custom_margin=\u00bb-26px||||false|false\u00bb custom_margin_tablet=\u00bb-26px||||false|false\u00bb custom_margin_phone=\u00bb12px||||false|false\u00bb custom_margin_last_edited=\u00bbon|phone\u00bb text_font_size_tablet=\u00bb12px\u00bb text_font_size_phone=\u00bb10px\u00bb text_font_size_last_edited=\u00bbon|phone\u00bb text_line_height_tablet=\u00bb\u00bb text_line_height_phone=\u00bb1.4em\u00bb text_line_height_last_edited=\u00bbon|desktop\u00bb box_shadow_style=\u00bbpreset6&#8243; box_shadow_blur=\u00bb40px\u00bb box_shadow_spread=\u00bb36px\u00bb box_shadow_blur_tablet=\u00bb40px\u00bb box_shadow_blur_phone=\u00bb20px\u00bb box_shadow_blur_last_edited=\u00bbon|phone\u00bb box_shadow_spread_tablet=\u00bb36px\u00bb box_shadow_spread_phone=\u00bb80px\u00bb box_shadow_spread_last_edited=\u00bbon|phone\u00bb global_colors_info=\u00bb{}\u00bb]<\/p>\n<p data-start=\"0\" data-end=\"252\" style=\"text-align: center;\">Ven con nosotros a vivir un ambiente \u00fanico en Salvador de Bah\u00eda. Aqu\u00ed te sientes en casa desde el primer minuto: buena energ\u00eda, gente incre\u00edble y una vibra que te abraza. Vas a relajarte, disfrutar de verdad y guardar recuerdos que te van a dar ganas de repetir. Ven a descubrir por qu\u00e9 todo el mundo se enamora de este lugar. \u00a1Yuhu!    <\/p>\n<p>[\/et_pb_text][\/et_pb_column][\/et_pb_row][\/et_pb_section][et_pb_section fb_built=\u00bb1&#8243; next_background_color=\u00bb#d6702a\u00bb _builder_version=\u00bb4.27.5&#8243; _module_preset=\u00bbdefault\u00bb background_color=\u00bb#0E5B41&#8243; max_width=\u00bb100%\u00bb min_height=\u00bb449.6px\u00bb height=\u00bb482px\u00bb custom_margin=\u00bb-3px|||||\u00bb custom_padding=\u00bb71px|||||\u00bb top_divider_style=\u00bbcurve2&#8243; top_divider_color=\u00bb#D6702A\u00bb top_divider_height=\u00bb46px\u00bb top_divider_style_tablet=\u00bbcurve2&#8243; top_divider_style_phone=\u00bbcurve2&#8243; top_divider_style_last_edited=\u00bbon|phone\u00bb bottom_divider_style=\u00bbcurve2&#8243; global_colors_info=\u00bb{}\u00bb][et_pb_row column_structure=\u00bb1_3,1_3,1_3&#8243; _builder_version=\u00bb4.27.5&#8243; _module_preset=\u00bbdefault\u00bb width=\u00bb67%\u00bb max_width=\u00bb1263px\u00bb min_height=\u00bb363px\u00bb global_colors_info=\u00bb{}\u00bb][et_pb_column type=\u00bb1_3&#8243; _builder_version=\u00bb4.27.5&#8243; _module_preset=\u00bbdefault\u00bb global_colors_info=\u00bb{}\u00bb][et_pb_image src=\u00bbhttps:\/\/origembahia.com\/wp-content\/uploads\/2026\/01\/city2.jpg\u00bb title_text=\u00bbcity2&#8243; _builder_version=\u00bb4.27.5&#8243; _module_preset=\u00bbdefault\u00bb module_alignment=\u00bbcenter\u00bb height=\u00bb300px\u00bb global_colors_info=\u00bb{}\u00bb][\/et_pb_image][\/et_pb_column][et_pb_column type=\u00bb1_3&#8243; _builder_version=\u00bb4.27.5&#8243; _module_preset=\u00bbdefault\u00bb global_colors_info=\u00bb{}\u00bb][et_pb_image src=\u00bbhttps:\/\/origembahia.com\/wp-content\/uploads\/2026\/01\/balcon1.jpg\u00bb title_text=\u00bbbalcon1&#8243; _builder_version=\u00bb4.27.5&#8243; _module_preset=\u00bbdefault\u00bb global_colors_info=\u00bb{}\u00bb][\/et_pb_image][\/et_pb_column][et_pb_column type=\u00bb1_3&#8243; _builder_version=\u00bb4.27.5&#8243; _module_preset=\u00bbdefault\u00bb global_colors_info=\u00bb{}\u00bb][et_pb_image src=\u00bbhttps:\/\/origembahia.com\/wp-content\/uploads\/2026\/01\/city1-scaled.jpg\u00bb title_text=\u00bbcity1&#8243; _builder_version=\u00bb4.27.5&#8243; _module_preset=\u00bbdefault\u00bb width=\u00bb100%\u00bb height=\u00bb301px\u00bb global_colors_info=\u00bb{}\u00bb][\/et_pb_image][\/et_pb_column][\/et_pb_row][\/et_pb_section][et_pb_section fb_built=\u00bb1&#8243; _builder_version=\u00bb4.27.5&#8243; _module_preset=\u00bbdefault\u00bb background_color=\u00bb#0E5B41&#8243; min_height=\u00bb566px\u00bb min_height_tablet=\u00bb566px\u00bb min_height_phone=\u00bb566px\u00bb min_height_last_edited=\u00bbon|phone\u00bb height_tablet=\u00bb\u00bb height_phone=\u00bb\u00bb height_last_edited=\u00bbon|phone\u00bb custom_margin=\u00bb0px||0px||false|false\u00bb custom_padding=\u00bb||0px||false|false\u00bb global_colors_info=\u00bb{}\u00bb][et_pb_row _builder_version=\u00bb4.27.5&#8243; _module_preset=\u00bbdefault\u00bb width_tablet=\u00bb\u00bb width_phone=\u00bb\u00bb width_last_edited=\u00bbon|phone\u00bb min_height=\u00bb0px\u00bb min_height_tablet=\u00bb0px\u00bb min_height_phone=\u00bb0px\u00bb min_height_last_edited=\u00bbon|phone\u00bb height_tablet=\u00bb\u00bb height_phone=\u00bb\u00bb height_last_edited=\u00bbon|phone\u00bb max_height_tablet=\u00bb\u00bb max_height_phone=\u00bb\u00bb max_height_last_edited=\u00bbon|phone\u00bb global_colors_info=\u00bb{}\u00bb][et_pb_column type=\u00bb4_4&#8243; _builder_version=\u00bb4.27.5&#8243; _module_preset=\u00bbdefault\u00bb global_colors_info=\u00bb{}\u00bb][et_pb_text _builder_version=\u00bb4.27.5&#8243; _module_preset=\u00bbdefault\u00bb text_text_color=\u00bb#FFFFFF\u00bb text_font_size=\u00bb12px\u00bb text_line_height=\u00bb1.6em\u00bb global_colors_info=\u00bb{}\u00bb]<\/p>\n<p data-start=\"0\" data-end=\"113\">En el coraz\u00f3n de Salvador de Bah\u00eda, tenemos un lugar pensado para que no te sientas solo \u201cde paso\u201d, sino como en casa.<\/p>\n<p data-start=\"115\" data-end=\"471\">Aqu\u00ed el ambiente es cercano y muy familiar: llegas, dejas la mochila y, en poco tiempo, ya est\u00e1s compartiendo consejos, planes y buenas conversaciones. Nos gusta crear comunidad, as\u00ed que solemos organizar actividades sencillas para conectar: ver el atardecer, paseos por el centro hist\u00f3rico, playa, m\u00fasica y alg\u00fan plan improvisado que acaba siendo lo mejor del viaje.<\/p>\n<p> <\/p>\n<p data-start=\"473\" data-end=\"601\" data-is-last-node=\"\" data-is-only-node=\"\">Si buscas buena energ\u00eda, gente de verdad y un lugar c\u00f3modo para vivir Salvador de una forma aut\u00e9ntica, aqu\u00ed te esperamos.<\/p>\n<p>[\/et_pb_text][et_pb_gallery gallery_ids=\u00bb385,389,390,391&#8243; show_title_and_caption=\u00bboff\u00bb show_pagination=\u00bboff\u00bb _builder_version=\u00bb4.27.5&#8243; _module_preset=\u00bbdefault\u00bb global_colors_info=\u00bb{}\u00bb][\/et_pb_gallery][et_pb_button button_url=\u00bbhttps:\/\/origembahia.com\/search-results\/\u00bb button_text=\u00bbSalvador De Bah\u00eda\u00bb button_alignment=\u00bbcenter\u00bb _builder_version=\u00bb4.27.5&#8243; _module_preset=\u00bbdefault\u00bb global_colors_info=\u00bb{}\u00bb][\/et_pb_button][et_pb_image src=\u00bbhttps:\/\/origembahia.com\/wp-content\/uploads\/2026\/01\/Modelo-2-sin-fondo-2.png\u00bb title_text=\u00bbModelo 2 sin fondo\u00bb align=\u00bbcenter\u00bb align_tablet=\u00bbcenter\u00bb align_phone=\u00bbcenter\u00bb align_last_edited=\u00bbon|desktop\u00bb _builder_version=\u00bb4.27.5&#8243; _module_preset=\u00bbdefault\u00bb global_colors_info=\u00bb{}\u00bb][\/et_pb_image][\/et_pb_column][\/et_pb_row][\/et_pb_section]<\/p>\n","protected":false},"excerpt":{"rendered":"<p>TU VIAJE COMIENZA AQUIVen con nosotros a vivir un ambiente \u00fanico en Salvador de Bah\u00eda. Aqu\u00ed te sientes en casa desde el primer minuto: buena energ\u00eda, gente incre\u00edble y una vibra que te abraza. Vas a relajarte, disfrutar de verdad y guardar recuerdos que te van a dar ganas de repetir. Ven a descubrir por [&hellip;]<\/p>\n","protected":false},"author":1,"featured_media":0,"parent":0,"menu_order":0,"comment_status":"closed","ping_status":"closed","template":"","meta":{"_et_pb_use_builder":"on","_et_pb_old_content":"","_et_gb_content_width":"","footnotes":""},"class_list":["post-393","page","type-page","status-publish","hentry"],"_links":{"self":[{"href":"https:\/\/origembahia.com\/es\/wp-json\/wp\/v2\/pages\/393","targetHints":{"allow":["GET"]}}],"collection":[{"href":"https:\/\/origembahia.com\/es\/wp-json\/wp\/v2\/pages"}],"about":[{"href":"https:\/\/origembahia.com\/es\/wp-json\/wp\/v2\/types\/page"}],"author":[{"embeddable":true,"href":"https:\/\/origembahia.com\/es\/wp-json\/wp\/v2\/users\/1"}],"replies":[{"embeddable":true,"href":"https:\/\/origembahia.com\/es\/wp-json\/wp\/v2\/comments?post=393"}],"version-history":[{"count":13,"href":"https:\/\/origembahia.com\/es\/wp-json\/wp\/v2\/pages\/393\/revisions"}],"predecessor-version":[{"id":477,"href":"https:\/\/origembahia.com\/es\/wp-json\/wp\/v2\/pages\/393\/revisions\/477"}],"wp:attachment":[{"href":"https:\/\/origembahia.com\/es\/wp-json\/wp\/v2\/media?parent=393"}],"curies":[{"name":"wp","href":"https:\/\/api.w.org\/{rel}","templated":true}]}}