{"id":404,"date":"2026-01-11T10:44:13","date_gmt":"2026-01-11T10:44:13","guid":{"rendered":"https:\/\/origembahia.com\/rooms\/"},"modified":"2026-01-29T10:23:36","modified_gmt":"2026-01-29T10:23:36","slug":"rooms","status":"publish","type":"page","link":"https:\/\/origembahia.com\/es\/rooms\/","title":{"rendered":"Rooms"},"content":{"rendered":"<p>[et_pb_section fb_built=\u00bb1&#8243; custom_padding_last_edited=\u00bbon|phone\u00bb _builder_version=\u00bb4.27.5&#8243; background_color=\u00bb#DFA62A\u00bb min_height_tablet=\u00bb\u00bb min_height_phone=\u00bb1000px\u00bb min_height_last_edited=\u00bbon|phone\u00bb height=\u00bb704px\u00bb height_tablet=\u00bb704px\u00bb height_phone=\u00bb1000px\u00bb height_last_edited=\u00bbon|phone\u00bb max_height=\u00bb1000px\u00bb max_height_tablet=\u00bb1000px\u00bb max_height_phone=\u00bb1000px\u00bb max_height_last_edited=\u00bbon|phone\u00bb custom_margin=\u00bb||0px||false|false\u00bb custom_margin_tablet=\u00bb||0px||false|false\u00bb custom_margin_phone=\u00bb0px||-671px||false|false\u00bb custom_margin_last_edited=\u00bbon|phone\u00bb custom_padding_tablet=\u00bb\u00bb custom_padding_phone=\u00bb4px||0px||false|false\u00bb bottom_divider_style_tablet=\u00bb\u00bb bottom_divider_style_phone=\u00bb\u00bb bottom_divider_style_last_edited=\u00bbon|phone\u00bb background_last_edited=\u00bbon|phone\u00bb global_colors_info=\u00bb{}\u00bb][et_pb_row column_structure=\u00bb1_3,1_3,1_3&#8243; make_equal=\u00bbon\u00bb _builder_version=\u00bb4.27.5&#8243; background_size=\u00bbinitial\u00bb background_position=\u00bbtop_left\u00bb background_repeat=\u00bbrepeat\u00bb width=\u00bb87%\u00bb max_width=\u00bb1242px\u00bb module_alignment=\u00bbcenter\u00bb min_height=\u00bb974px\u00bb height=\u00bb1000px\u00bb global_colors_info=\u00bb{}\u00bb][et_pb_column type=\u00bb1_3&#8243; _builder_version=\u00bb4.16&#8243; custom_padding=\u00bb|||\u00bb global_colors_info=\u00bb{}\u00bb custom_padding__hover=\u00bb|||\u00bb][et_pb_text _builder_version=\u00bb4.27.5&#8243; _module_preset=\u00bbdefault\u00bb text_text_color=\u00bb#FFFFFF\u00bb text_font_size=\u00bb16px\u00bb background_color=\u00bb#0E5B41&#8243; min_height=\u00bb483px\u00bb min_height_tablet=\u00bb483px\u00bb min_height_phone=\u00bb483px\u00bb min_height_last_edited=\u00bbon|desktop\u00bb height=\u00bb417px\u00bb custom_padding=\u00bb10px|10px|10px|10px|true|true\u00bb border_radii=\u00bbon|26px|26px|26px|26px\u00bb border_width_all=\u00bb4px\u00bb border_color_all=\u00bb#0E5B41&#8243; locked=\u00bboff\u00bb global_colors_info=\u00bb{}\u00bb]<\/p>\n<p><strong>Habitaci\u00f3n Cu\u00e1druple (Privada) \u2014 1 unidad<\/strong><\/p>\n<p data-start=\"288\" data-end=\"490\"><strong data-start=\"288\" data-end=\"303\">Capacidad:<\/strong> 4 personas<br data-start=\"313\" data-end=\"316\"><strong data-start=\"316\" data-end=\"326\">Camas:<\/strong> 1 cama de matrimonio + 1 litera + 1 cama individual<br data-start=\"375\" data-end=\"378\"><strong data-start=\"378\" data-end=\"391\">Ba\u00f1o:<\/strong> privado con ducha<br data-start=\"414\" data-end=\"417\"><strong data-start=\"417\" data-end=\"428\">Incluye:<\/strong> ropa de cama + toallas<br data-start=\"452\" data-end=\"455\" data-is-only-node=\"\"><strong data-start=\"455\" data-end=\"472\">Climatizaci\u00f3n:<\/strong> aire acondicionado<\/p>\n<p data-start=\"376\" data-end=\"590\"><b> <\/b><img loading=\"lazy\" decoding=\"async\" src=\"http:\/\/origembahia.com\/wp-content\/uploads\/2026\/01\/Habitacionn-1-300x223.png\" width=\"300\" height=\"223\" alt=\"\" class=\"wp-image-136 alignnone size-medium\" style=\"text-align: center;\"><\/p>\n<p>[\/et_pb_text][et_pb_button button_url=\u00bbhttps:\/\/origembahia.com\/es\/book-now\/\u00bb button_text=\u00bbBook now\u00bb button_alignment_tablet=\u00bb\u00bb button_alignment_phone=\u00bbcenter\u00bb button_alignment_last_edited=\u00bbon|phone\u00bb _builder_version=\u00bb4.27.5&#8243; _module_preset=\u00bb_initial\u00bb hover_enabled=\u00bb0&#8243; global_colors_info=\u00bb{}\u00bb sticky_enabled=\u00bb0&#8243;][\/et_pb_button][\/et_pb_column][et_pb_column type=\u00bb1_3&#8243; _builder_version=\u00bb4.16&#8243; custom_padding=\u00bb|||\u00bb global_colors_info=\u00bb{}\u00bb custom_padding__hover=\u00bb|||\u00bb][et_pb_text _builder_version=\u00bb4.27.5&#8243; _module_preset=\u00bbdefault\u00bb text_text_color=\u00bb#FFFFFF\u00bb text_font_size=\u00bb16px\u00bb background_color=\u00bb#0E5B41&#8243; module_alignment=\u00bbcenter\u00bb height=\u00bb483px\u00bb height_tablet=\u00bb483px\u00bb height_phone=\u00bb483px\u00bb height_last_edited=\u00bbon|desktop\u00bb custom_padding=\u00bb10px|10px|10px|10px|true|true\u00bb border_radii=\u00bbon|26px|26px|26px|26px\u00bb border_width_all=\u00bb4px\u00bb border_color_all=\u00bb#0E5B41&#8243; global_colors_info=\u00bb{}\u00bb]<\/p>\n<p data-pm-slice=\"1 1 []\"><strong>Habitaci\u00f3n Triple (Privada) &#8211; 6 unidades<\/strong><\/p>\n<p data-start=\"44\" data-end=\"235\"><strong data-start=\"44\" data-end=\"59\">Capacidad:<\/strong> 3 personas<br data-start=\"69\" data-end=\"72\"><strong data-start=\"72\" data-end=\"82\">Camas:<\/strong> 1 cama de matrimonio + 2 camas individuales<br data-start=\"120\" data-end=\"123\"><strong data-start=\"123\" data-end=\"136\">Ba\u00f1o:<\/strong> privado con ducha<br data-start=\"159\" data-end=\"162\"><strong data-start=\"162\" data-end=\"173\">Incluye:<\/strong> ropa de cama + toallas<br data-start=\"197\" data-end=\"200\" data-is-only-node=\"\"><strong data-start=\"200\" data-end=\"217\">Climatizaci\u00f3n:<\/strong> aire acondicionado<\/p>\n<p style=\"text-align: center;\"><img loading=\"lazy\" decoding=\"async\" src=\"http:\/\/origembahia.com\/wp-content\/uploads\/2026\/01\/Habitacion-privada-300x194.png\" width=\"315\" height=\"204\" alt=\"\" class=\"wp-image-127 alignnone size-medium\"><\/p>\n<p>[\/et_pb_text][et_pb_button button_url=\u00bbhttps:\/\/origembahia.com\/es\/book-now\/\u00bb button_text=\u00bbBook now\u00bb button_alignment_tablet=\u00bb\u00bb button_alignment_phone=\u00bbcenter\u00bb button_alignment_last_edited=\u00bbon|phone\u00bb _builder_version=\u00bb4.27.5&#8243; _module_preset=\u00bbdefault\u00bb hover_enabled=\u00bb0&#8243; global_colors_info=\u00bb{}\u00bb sticky_enabled=\u00bb0&#8243;][\/et_pb_button][\/et_pb_column][et_pb_column type=\u00bb1_3&#8243; _builder_version=\u00bb4.16&#8243; custom_padding=\u00bb|||\u00bb global_colors_info=\u00bb{}\u00bb custom_padding__hover=\u00bb|||\u00bb][et_pb_text _builder_version=\u00bb4.27.5&#8243; _module_preset=\u00bbdefault\u00bb text_text_color=\u00bb#FFFFFF\u00bb text_font_size=\u00bb16px\u00bb background_color=\u00bb#0E5B41&#8243; height=\u00bb483px\u00bb height_tablet=\u00bb483px\u00bb height_phone=\u00bb483px\u00bb height_last_edited=\u00bbon|desktop\u00bb custom_padding=\u00bb10px|10px|10px|10px|true|true\u00bb border_radii=\u00bbon|26px|26px|26px|26px\u00bb border_width_all=\u00bb4px\u00bb border_color_all=\u00bb#0E5B41&#8243; locked=\u00bboff\u00bb global_colors_info=\u00bb{}\u00bb]<\/p>\n<p data-pm-slice=\"1 1 []\"><strong>Habitaci\u00f3n Compartida (Dormitorio) &#8211; 2 unidades<\/strong><\/p>\n<p data-start=\"549\" data-end=\"752\" data-is-last-node=\"\" data-is-only-node=\"\"><strong data-start=\"549\" data-end=\"564\">Capacidad:<\/strong> 8 personas por habitaci\u00f3n<br data-start=\"585\" data-end=\"588\"><strong data-start=\"588\" data-end=\"598\">Camas:<\/strong> 4 literas<br data-start=\"609\" data-end=\"612\"><strong data-start=\"612\" data-end=\"625\">Ba\u00f1o:<\/strong> privado con ducha<br data-start=\"648\" data-end=\"651\"><strong data-start=\"651\" data-end=\"662\">Incluye:<\/strong> ropa de cama<br data-start=\"676\" data-end=\"679\" data-is-only-node=\"\"><strong data-start=\"679\" data-end=\"691\">Toallas:<\/strong> no incluidas (modelo hostal)<br data-start=\"721\" data-end=\"724\"><strong data-start=\"724\" data-end=\"741\">Climatizaci\u00f3n:<\/strong> ventilador<\/p>\n<p style=\"text-align: center;\"><img loading=\"lazy\" decoding=\"async\" src=\"http:\/\/origembahia.com\/wp-content\/uploads\/2026\/01\/Habitacion-compartida-300x221.png\" width=\"300\" height=\"221\" alt=\"\" class=\"wp-image-134 alignnone size-medium\"><\/p>\n<p>[\/et_pb_text][et_pb_button button_url=\u00bbhttps:\/\/origembahia.com\/es\/book-now\/\u00bb button_text=\u00bbBook now\u00bb button_alignment_tablet=\u00bb\u00bb button_alignment_phone=\u00bbcenter\u00bb button_alignment_last_edited=\u00bbon|phone\u00bb _builder_version=\u00bb4.27.5&#8243; _module_preset=\u00bbdefault\u00bb hover_enabled=\u00bb0&#8243; global_colors_info=\u00bb{}\u00bb sticky_enabled=\u00bb0&#8243;][\/et_pb_button][\/et_pb_column][\/et_pb_row][\/et_pb_section]<\/p>\n","protected":false},"excerpt":{"rendered":"<p>Habitaci\u00f3n Cu\u00e1druple (Privada) \u2014 1 unidad Capacidad: 4 personasCamas: 1 cama de matrimonio + 1 litera + 1 cama individualBa\u00f1o: privado con duchaIncluye: ropa de cama + toallasClimatizaci\u00f3n: aire acondicionado Habitaci\u00f3n Triple (Privada) &#8211; 6 unidades Capacidad: 3 personasCamas: 1 cama de matrimonio + 2 camas individualesBa\u00f1o: privado con duchaIncluye: ropa de cama + toallasClimatizaci\u00f3n: [&hellip;]<\/p>\n","protected":false},"author":1,"featured_media":0,"parent":0,"menu_order":0,"comment_status":"closed","ping_status":"closed","template":"","meta":{"_et_pb_use_builder":"on","_et_pb_old_content":"","_et_gb_content_width":"","footnotes":""},"class_list":["post-404","page","type-page","status-publish","hentry"],"_links":{"self":[{"href":"https:\/\/origembahia.com\/es\/wp-json\/wp\/v2\/pages\/404","targetHints":{"allow":["GET"]}}],"collection":[{"href":"https:\/\/origembahia.com\/es\/wp-json\/wp\/v2\/pages"}],"about":[{"href":"https:\/\/origembahia.com\/es\/wp-json\/wp\/v2\/types\/page"}],"author":[{"embeddable":true,"href":"https:\/\/origembahia.com\/es\/wp-json\/wp\/v2\/users\/1"}],"replies":[{"embeddable":true,"href":"https:\/\/origembahia.com\/es\/wp-json\/wp\/v2\/comments?post=404"}],"version-history":[{"count":8,"href":"https:\/\/origembahia.com\/es\/wp-json\/wp\/v2\/pages\/404\/revisions"}],"predecessor-version":[{"id":449,"href":"https:\/\/origembahia.com\/es\/wp-json\/wp\/v2\/pages\/404\/revisions\/449"}],"wp:attachment":[{"href":"https:\/\/origembahia.com\/es\/wp-json\/wp\/v2\/media?parent=404"}],"curies":[{"name":"wp","href":"https:\/\/api.w.org\/{rel}","templated":true}]}}