{"id":411,"date":"2026-01-11T10:44:13","date_gmt":"2026-01-11T10:44:13","guid":{"rendered":"https:\/\/origembahia.com\/salvador-de-bahia\/"},"modified":"2026-01-28T04:12:30","modified_gmt":"2026-01-28T04:12:30","slug":"salvador-de-bahia","status":"publish","type":"page","link":"https:\/\/origembahia.com\/es\/salvador-de-bahia\/","title":{"rendered":"Salvador De Bah\u00eda"},"content":{"rendered":"<p>[et_pb_section fb_built=\u00bb1&#8243; _builder_version=\u00bb4.27.5&#8243; _module_preset=\u00bbdefault\u00bb background_color=\u00bb#0E5B41&#8243; height=\u00bb1000px\u00bb max_height=\u00bb1000px\u00bb custom_margin=\u00bb||0px||false|false\u00bb hover_enabled=\u00bb0&#8243; global_colors_info=\u00bb{}\u00bb custom_margin_last_edited=\u00bbon|phone\u00bb sticky_enabled=\u00bb0&#8243; custom_margin_tablet=\u00bb||0px||false|false\u00bb custom_margin_phone=\u00bb||0px||false|false\u00bb][et_pb_row _builder_version=\u00bb4.27.5&#8243; _module_preset=\u00bbdefault\u00bb global_colors_info=\u00bb{}\u00bb][et_pb_column type=\u00bb4_4&#8243; _builder_version=\u00bb4.27.5&#8243; _module_preset=\u00bbdefault\u00bb global_colors_info=\u00bb{}\u00bb][et_pb_text _builder_version=\u00bb4.27.5&#8243; _module_preset=\u00bbdefault\u00bb text_text_color=\u00bb#FFFFFF\u00bb text_font_size=\u00bb12px\u00bb global_colors_info=\u00bb{}\u00bb]<\/p>\n<h3>Los imprescindibles de la regi\u00f3n<\/h3>\n<p>&nbsp;<\/p>\n<ul>\n<li>Carnaval de Salvador<br data-start=\"20\" data-end=\"23\">El carnaval callejero m\u00e1s grande del mundo, con tr\u00edos el\u00e9ctricos y los circuitos Barra\u2013Ondina y Campo Grande.<\/li>\n<li>Puesta de sol en el Farol da Barra<br data-start=\"28\" data-end=\"31\">Una de las mejores puestas de sol de Brasil, con ambiente local y una zona tranquila para disfrutar.<\/li>\n<li>Pelourinho: calles y plazas hist\u00f3ricas<br data-start=\"36\" data-end=\"39\">Pasea por el centro hist\u00f3rico de Salvador y explora calles empedradas, arquitectura colonial colorida y una vida cultural vibrante en cada esquina.<\/li>\n<li>Capoeira en el Largo do Pelourinho<br data-start=\"31\" data-end=\"34\">Presentaciones espont\u00e1neas y rodas tradicionales, mejor al final de la tarde.<\/li>\n<li>Museo Afro-Brasile\u00f1o<br data-start=\"21\" data-end=\"24\">Historia y espiritualidad afrobrasile\u00f1a, esencial para entender Bah\u00eda.<\/li>\n<li>Farol da Barra<br data-start=\"14\" data-end=\"17\">Ideal para la puesta de sol, mar en calma y f\u00e1cil acceso.<\/li>\n<li>Praia do Flamengo<br data-start=\"17\" data-end=\"20\">M\u00e1s natural y extensa, buenas olas y restaurantes a la orilla del mar.<\/li>\n<li>Ilha dos Frades<br data-start=\"15\" data-end=\"18\">Agua cristalina, playas tranquilas y paseo perfecto para un d\u00eda.<\/li>\n<li>Ilha de Itaparica<br data-start=\"17\" data-end=\"20\">M\u00e1s grande y con playas amplias, en un ambiente relajado y tranquilo.<\/li>\n<\/ul>\n<p>&nbsp;<\/p>\n<p data-start=\"43\" data-end=\"195\" data-is-last-node=\"\" data-is-only-node=\"\">[\/et_pb_text][\/et_pb_column][\/et_pb_row][\/et_pb_section]<\/p>\n","protected":false},"excerpt":{"rendered":"<p>Los imprescindibles de la regi\u00f3n &nbsp; Carnaval de SalvadorEl carnaval callejero m\u00e1s grande del mundo, con tr\u00edos el\u00e9ctricos y los circuitos Barra\u2013Ondina y Campo Grande. Puesta de sol en el Farol da BarraUna de las mejores puestas de sol de Brasil, con ambiente local y una zona tranquila para disfrutar. Pelourinho: calles y plazas hist\u00f3ricasPasea [&hellip;]<\/p>\n","protected":false},"author":1,"featured_media":0,"parent":0,"menu_order":0,"comment_status":"closed","ping_status":"closed","template":"","meta":{"_et_pb_use_builder":"on","_et_pb_old_content":"","_et_gb_content_width":"","footnotes":""},"class_list":["post-411","page","type-page","status-publish","hentry"],"_links":{"self":[{"href":"https:\/\/origembahia.com\/es\/wp-json\/wp\/v2\/pages\/411","targetHints":{"allow":["GET"]}}],"collection":[{"href":"https:\/\/origembahia.com\/es\/wp-json\/wp\/v2\/pages"}],"about":[{"href":"https:\/\/origembahia.com\/es\/wp-json\/wp\/v2\/types\/page"}],"author":[{"embeddable":true,"href":"https:\/\/origembahia.com\/es\/wp-json\/wp\/v2\/users\/1"}],"replies":[{"embeddable":true,"href":"https:\/\/origembahia.com\/es\/wp-json\/wp\/v2\/comments?post=411"}],"version-history":[{"count":2,"href":"https:\/\/origembahia.com\/es\/wp-json\/wp\/v2\/pages\/411\/revisions"}],"predecessor-version":[{"id":413,"href":"https:\/\/origembahia.com\/es\/wp-json\/wp\/v2\/pages\/411\/revisions\/413"}],"wp:attachment":[{"href":"https:\/\/origembahia.com\/es\/wp-json\/wp\/v2\/media?parent=411"}],"curies":[{"name":"wp","href":"https:\/\/api.w.org\/{rel}","templated":true}]}}